{"id":2099,"date":"2025-09-15T12:51:51","date_gmt":"2025-09-15T10:51:51","guid":{"rendered":"https:\/\/www.pthurban.com\/cookie-richtlinie\/"},"modified":"2026-02-27T11:22:26","modified_gmt":"2026-02-27T10:22:26","slug":"cookie-richtlinie","status":"publish","type":"page","link":"https:\/\/www.pthurban.com\/de\/cookie-richtlinie\/","title":{"rendered":"Cookie-Richtlinie"},"content":{"rendered":"\t\t<div data-elementor-type=\"wp-page\" data-elementor-id=\"2099\" class=\"elementor elementor-2099 elementor-1909\" data-elementor-post-type=\"page\">\n\t\t\t\t<div data-particle_enable=\"false\" data-particle-mobile-disabled=\"false\" class=\"elementor-element elementor-element-3ed4b02 e-flex e-con-boxed e-con e-parent\" data-id=\"3ed4b02\" data-element_type=\"container\" data-e-type=\"container\">\n\t\t\t\t\t<div class=\"e-con-inner\">\n\t\t<div data-particle_enable=\"false\" data-particle-mobile-disabled=\"false\" class=\"elementor-element elementor-element-2954228 e-con-full e-flex e-con e-child\" data-id=\"2954228\" data-element_type=\"container\" data-e-type=\"container\">\n\t\t\t\t<div class=\"elementor-element elementor-element-a62638c elementor-widget elementor-widget-heading\" data-id=\"a62638c\" data-element_type=\"widget\" data-e-type=\"widget\" data-widget_type=\"heading.default\">\n\t\t\t\t<div class=\"elementor-widget-container\">\n\t\t\t\t\t<h2 class=\"elementor-heading-title elementor-size-default\">Cookie-Richtlinie<\/h2>\t\t\t\t<\/div>\n\t\t\t\t<\/div>\n\t\t\t\t<\/div>\n\t\t\t\t\t<\/div>\n\t\t\t\t<\/div>\n\t\t<div data-particle_enable=\"false\" data-particle-mobile-disabled=\"false\" class=\"elementor-element elementor-element-5a0b9d8 e-flex e-con-boxed e-con e-parent\" data-id=\"5a0b9d8\" data-element_type=\"container\" data-e-type=\"container\">\n\t\t\t\t\t<div class=\"e-con-inner\">\n\t\t<div data-particle_enable=\"false\" data-particle-mobile-disabled=\"false\" class=\"elementor-element elementor-element-6b49a82 e-con-full e-flex e-con e-child\" data-id=\"6b49a82\" data-element_type=\"container\" data-e-type=\"container\">\n\t\t\t\t<div class=\"elementor-element elementor-element-352bd7c elementor-widget elementor-widget-text-editor\" data-id=\"352bd7c\" data-element_type=\"widget\" data-e-type=\"widget\" data-widget_type=\"text-editor.default\">\n\t\t\t\t<div class=\"elementor-widget-container\">\n\t\t\t\t\t\t\t\t\t<p class=\"p-legales\">Ein Cookie ist eine kleine Textdatei, die in Ihrem Browser gespeichert wird, wenn Sie nahezu jede Website besuchen. Ihr Zweck ist es, dass die Website Ihren Besuch wiedererkennen kann, wenn Sie diese Seite erneut aufrufen. Cookies speichern in der Regel technische Informationen, pers\u00f6nliche Pr\u00e4ferenzen, Inhaltsanpassungen, Nutzungsstatistiken, Links zu sozialen Netzwerken, Zugriff auf Benutzerkonten usw. Ziel des Cookies ist es, die Inhalte der Website an Ihr Profil und Ihre Bed\u00fcrfnisse anzupassen; ohne Cookies w\u00e4ren die von jeder Website angebotenen Dienste deutlich eingeschr\u00e4nkt. Wenn Sie weitere Informationen dar\u00fcber erhalten m\u00f6chten, was Cookies sind, was sie speichern, wie Sie sie l\u00f6schen, deaktivieren usw., folgen Sie bitte diesem Link.<\/p><h2 class=\"h2-legales\">IN DIESER WEBSITE VERWENDETE COOKIES<\/h2><p class=\"p-legales\">Gem\u00e4\u00df den Richtlinien der spanischen Datenschutzbeh\u00f6rde (AEPD) erl\u00e4utern wir im Folgenden die Verwendung von Cookies auf dieser Website, um Sie so genau wie m\u00f6glich zu informieren.<\/p><h3 class=\"h3-legales\">DIESE WEBSITE VERWENDET FOLGENDE EIGENE COOKIES<\/h3><p class=\"p-legales\">Sitzungs-Cookies, um sicherzustellen, dass Nutzer, die Kommentare im Blog schreiben, Menschen und keine automatisierten Anwendungen sind. Auf diese Weise wird Spam bek\u00e4mpft.<\/p><h3 class=\"h3-legales\">DIESE WEBSITE VERWENDET FOLGENDE COOKIES VON DRITTANBIETERN<\/h3><p class=\"p-legales\">Google Analytics: Speichert Cookies, um Statistiken \u00fcber den Traffic und das Besuchsvolumen dieser Website zu erstellen. Durch die Nutzung dieser Website stimmen Sie der Verarbeitung von Informationen \u00fcber Sie durch Google zu. Daher m\u00fcssen Sie die Aus\u00fcbung etwaiger Rechte in diesem Zusammenhang durch direkte Kontaktaufnahme mit Google vornehmen.<\/p><p class=\"p-legales\">Soziale Netzwerke: Jedes soziale Netzwerk verwendet eigene Cookies, damit Sie auf Schaltfl\u00e4chen wie \u201eGef\u00e4llt mir\u201c oder \u201eTeilen\u201c klicken k\u00f6nnen.<\/p><h3 class=\"h3-legales\">DEAKTIVIERUNG ODER L\u00d6SCHUNG VON COOKIES<\/h3><p class=\"p-legales\">Sie k\u00f6nnen jederzeit Ihr Recht auf Deaktivierung oder L\u00f6schung von Cookies dieser Website aus\u00fcben. Diese Schritte unterscheiden sich je nach verwendetem Browser. Hier finden Sie eine Kurzanleitung f\u00fcr die g\u00e4ngigsten Browser.<\/p><h2 class=\"h2-legales\">ZUS\u00c4TZLICHE HINWEISE<\/h2><p class=\"p-legales\">Weder diese Website noch ihre gesetzlichen Vertreter \u00fcbernehmen Verantwortung f\u00fcr den Inhalt oder die Richtigkeit der Datenschutzrichtlinien, die die in dieser Cookie-Richtlinie genannten Dritten m\u00f6glicherweise haben.<\/p><p class=\"p-legales\">Webbrowser sind die Werkzeuge, die Cookies speichern, und \u00fcber diese m\u00fcssen Sie Ihr Recht auf L\u00f6schung oder Deaktivierung derselben aus\u00fcben. Weder diese Website noch ihre gesetzlichen Vertreter k\u00f6nnen die korrekte oder inkorrekte Handhabung von Cookies durch die genannten Browser garantieren.<\/p><p class=\"p-legales\">In einigen F\u00e4llen ist es erforderlich, Cookies zu installieren, damit der Browser Ihre Entscheidung, diese nicht zu akzeptieren, nicht vergisst.<\/p><p class=\"p-legales\">Im Fall der Cookies von Google Analytics speichert dieses Unternehmen die Cookies auf Servern in den Vereinigten Staaten und verpflichtet sich, diese nicht an Dritte weiterzugeben, au\u00dfer in F\u00e4llen, in denen dies f\u00fcr den Betrieb des Systems erforderlich ist oder wenn das Gesetz dies vorschreibt. Laut Google wird Ihre IP-Adresse nicht gespeichert. Google Inc. ist ein Unternehmen, das dem Safe-Harbor-Abkommen beigetreten ist, das gew\u00e4hrleistet, dass alle \u00fcbertragenen Daten mit einem Schutzniveau verarbeitet werden, das den europ\u00e4ischen Vorschriften entspricht. Detaillierte Informationen hierzu finden Sie unter diesem Link. Wenn Sie Informationen dar\u00fcber w\u00fcnschen, wie Google Cookies verwendet, f\u00fcgen wir Ihnen diesen weiteren Link bei.<\/p><p class=\"p-legales\">Bei Fragen oder Anliegen zu dieser Cookie-Richtlinie k\u00f6nnen Sie sich gerne \u00fcber den Kontaktbereich an uns wenden.<\/p>\t\t\t\t\t\t\t\t<\/div>\n\t\t\t\t<\/div>\n\t\t\t\t<\/div>\n\t\t\t\t\t<\/div>\n\t\t\t\t<\/div>\n\t\t\t\t<\/div>\n\t\t","protected":false},"excerpt":{"rendered":"<p>Cookie-Richtlinie Ein Cookie ist eine kleine Textdatei, die in Ihrem Browser gespeichert wird, wenn Sie nahezu jede Website besuchen. Ihr [&hellip;]<\/p>\n","protected":false},"author":1,"featured_media":0,"parent":0,"menu_order":0,"comment_status":"closed","ping_status":"closed","template":"","meta":{"site-sidebar-layout":"no-sidebar","site-content-layout":"","ast-site-content-layout":"full-width-container","site-content-style":"default","site-sidebar-style":"default","ast-global-header-display":"","ast-banner-title-visibility":"","ast-main-header-display":"","ast-hfb-above-header-display":"","ast-hfb-below-header-display":"","ast-hfb-mobile-header-display":"","site-post-title":"disabled","ast-breadcrumbs-content":"","ast-featured-img":"disabled","footer-sml-layout":"","ast-disable-related-posts":"","theme-transparent-header-meta":"","adv-header-id-meta":"","stick-header-meta":"","header-above-stick-meta":"","header-main-stick-meta":"","header-below-stick-meta":"","astra-migrate-meta-layouts":"default","ast-page-background-enabled":"default","ast-page-background-meta":{"desktop":{"background-color":"var(--ast-global-color-5)","background-image":"","background-repeat":"repeat","background-position":"center center","background-size":"auto","background-attachment":"scroll","background-type":"","background-media":"","overlay-type":"","overlay-color":"","overlay-opacity":"","overlay-gradient":""},"tablet":{"background-color":"","background-image":"","background-repeat":"repeat","background-position":"center center","background-size":"auto","background-attachment":"scroll","background-type":"","background-media":"","overlay-type":"","overlay-color":"","overlay-opacity":"","overlay-gradient":""},"mobile":{"background-color":"","background-image":"","background-repeat":"repeat","background-position":"center center","background-size":"auto","background-attachment":"scroll","background-type":"","background-media":"","overlay-type":"","overlay-color":"","overlay-opacity":"","overlay-gradient":""}},"ast-content-background-meta":{"desktop":{"background-color":"var(--ast-global-color-4)","background-image":"","background-repeat":"repeat","background-position":"center center","background-size":"auto","background-attachment":"scroll","background-type":"","background-media":"","overlay-type":"","overlay-color":"","overlay-opacity":"","overlay-gradient":""},"tablet":{"background-color":"var(--ast-global-color-4)","background-image":"","background-repeat":"repeat","background-position":"center center","background-size":"auto","background-attachment":"scroll","background-type":"","background-media":"","overlay-type":"","overlay-color":"","overlay-opacity":"","overlay-gradient":""},"mobile":{"background-color":"var(--ast-global-color-4)","background-image":"","background-repeat":"repeat","background-position":"center center","background-size":"auto","background-attachment":"scroll","background-type":"","background-media":"","overlay-type":"","overlay-color":"","overlay-opacity":"","overlay-gradient":""}},"footnotes":""},"class_list":["post-2099","page","type-page","status-publish","hentry"],"_links":{"self":[{"href":"https:\/\/www.pthurban.com\/de\/wp-json\/wp\/v2\/pages\/2099","targetHints":{"allow":["GET"]}}],"collection":[{"href":"https:\/\/www.pthurban.com\/de\/wp-json\/wp\/v2\/pages"}],"about":[{"href":"https:\/\/www.pthurban.com\/de\/wp-json\/wp\/v2\/types\/page"}],"author":[{"embeddable":true,"href":"https:\/\/www.pthurban.com\/de\/wp-json\/wp\/v2\/users\/1"}],"replies":[{"embeddable":true,"href":"https:\/\/www.pthurban.com\/de\/wp-json\/wp\/v2\/comments?post=2099"}],"version-history":[{"count":0,"href":"https:\/\/www.pthurban.com\/de\/wp-json\/wp\/v2\/pages\/2099\/revisions"}],"wp:attachment":[{"href":"https:\/\/www.pthurban.com\/de\/wp-json\/wp\/v2\/media?parent=2099"}],"curies":[{"name":"wp","href":"https:\/\/api.w.org\/{rel}","templated":true}]}}