{"id":2106,"date":"2025-09-15T12:37:20","date_gmt":"2025-09-15T10:37:20","guid":{"rendered":"https:\/\/www.pthurban.com\/impressum\/"},"modified":"2026-02-27T11:22:37","modified_gmt":"2026-02-27T10:22:37","slug":"impressum","status":"publish","type":"page","link":"https:\/\/www.pthurban.com\/de\/impressum\/","title":{"rendered":"Impressum"},"content":{"rendered":"\t\t<div data-elementor-type=\"wp-page\" data-elementor-id=\"2106\" class=\"elementor elementor-2106 elementor-1892\" data-elementor-post-type=\"page\">\n\t\t\t\t<div data-particle_enable=\"false\" data-particle-mobile-disabled=\"false\" class=\"elementor-element elementor-element-3ed4b02 e-flex e-con-boxed e-con e-parent\" data-id=\"3ed4b02\" data-element_type=\"container\" data-e-type=\"container\">\n\t\t\t\t\t<div class=\"e-con-inner\">\n\t\t<div data-particle_enable=\"false\" data-particle-mobile-disabled=\"false\" class=\"elementor-element elementor-element-2954228 e-con-full e-flex e-con e-child\" data-id=\"2954228\" data-element_type=\"container\" data-e-type=\"container\">\n\t\t\t\t<div class=\"elementor-element elementor-element-a62638c elementor-widget elementor-widget-heading\" data-id=\"a62638c\" data-element_type=\"widget\" data-e-type=\"widget\" data-widget_type=\"heading.default\">\n\t\t\t\t<div class=\"elementor-widget-container\">\n\t\t\t\t\t<h2 class=\"elementor-heading-title elementor-size-default\">Impressum<\/h2>\t\t\t\t<\/div>\n\t\t\t\t<\/div>\n\t\t\t\t<\/div>\n\t\t\t\t\t<\/div>\n\t\t\t\t<\/div>\n\t\t<div data-particle_enable=\"false\" data-particle-mobile-disabled=\"false\" class=\"elementor-element elementor-element-5a0b9d8 e-flex e-con-boxed e-con e-parent\" data-id=\"5a0b9d8\" data-element_type=\"container\" data-e-type=\"container\">\n\t\t\t\t\t<div class=\"e-con-inner\">\n\t\t<div data-particle_enable=\"false\" data-particle-mobile-disabled=\"false\" class=\"elementor-element elementor-element-6b49a82 e-con-full e-flex e-con e-child\" data-id=\"6b49a82\" data-element_type=\"container\" data-e-type=\"container\">\n\t\t\t\t<div class=\"elementor-element elementor-element-352bd7c elementor-widget elementor-widget-text-editor\" data-id=\"352bd7c\" data-element_type=\"widget\" data-e-type=\"widget\" data-widget_type=\"text-editor.default\">\n\t\t\t\t<div class=\"elementor-widget-container\">\n\t\t\t\t\t\t\t\t\t<p class=\"p-legales\">PLASTINHER URBAN SLU ist eine im Handelsregister von Alicante eingetragene Gesellschaft, Band 1282, Blatt 14, Seite A-5586 mit Steuernummer: B-54978408 und Sitz in Partida Alzabares Bajo \u2013 Pol.2, Nr. 97 \u2013 03290 ELCHE (Alicante) SPANIEN.<\/p><p class=\"p-legales\">PLASTINHER URBAN SLU ist Eigent\u00fcmerin des Domainnamens und der Internetseiten, auf die \u00fcber die Adresse https:\/\/www.pthurban.com zugegriffen wird.<\/p><h2 class=\"h2-legales\">KONTAKTDATEN<\/h2><ul class=\"p-legales\"><li>PLASTINHER URBAN SLU<\/li><li>Partida Alzabares Bajo \u2013 Pol.2, Nr. 97<\/li><li>Tel.: 965 45 17 27<\/li><li>Fax: 965 42 28 49<\/li><li>03290 ELCHE (Alicante) SPANIEN<\/li><li>E-Mail: info@pthurban.com<\/li><\/ul><h2 class=\"h2-legales\">GEISTIGES UND GEWERBLICHES EIGENTUM<\/h2><p class=\"p-legales\">Die Gesamtheit dieser Website \u2013 Texte, Bilder, Handelsmarken, Logos, Audio- und Videodateien, Schaltfl\u00e4chen, Softwaredateien, Farbkombinationen sowie die Struktur, Auswahl, Anordnung und Pr\u00e4sentation ihrer Inhalte \u2013 ist durch spanische und internationale Gesetze zum Schutz des geistigen und gewerblichen Eigentums gesch\u00fctzt. Dar\u00fcber hinaus und unbeschadet des oben Genannten gilt der Inhalt dieser Website auch als Computerprogramm, auf den alle geltenden spanischen und europ\u00e4ischen Rechtsvorschriften zu diesem Thema Anwendung finden. Die vollst\u00e4ndige oder teilweise Vervielf\u00e4ltigung dieser Website oder ihrer Inhalte ist ohne ausdr\u00fcckliche schriftliche Genehmigung von PLASTINHER URBAN SLU ausdr\u00fccklich untersagt.<\/p>\t\t\t\t\t\t\t\t<\/div>\n\t\t\t\t<\/div>\n\t\t\t\t<\/div>\n\t\t\t\t\t<\/div>\n\t\t\t\t<\/div>\n\t\t\t\t<\/div>\n\t\t","protected":false},"excerpt":{"rendered":"<p>Impressum PLASTINHER URBAN SLU ist eine im Handelsregister von Alicante eingetragene Gesellschaft, Band 1282, Blatt 14, Seite A-5586 mit Steuernummer: [&hellip;]<\/p>\n","protected":false},"author":1,"featured_media":0,"parent":0,"menu_order":0,"comment_status":"closed","ping_status":"closed","template":"","meta":{"site-sidebar-layout":"no-sidebar","site-content-layout":"","ast-site-content-layout":"full-width-container","site-content-style":"default","site-sidebar-style":"default","ast-global-header-display":"","ast-banner-title-visibility":"","ast-main-header-display":"","ast-hfb-above-header-display":"","ast-hfb-below-header-display":"","ast-hfb-mobile-header-display":"","site-post-title":"disabled","ast-breadcrumbs-content":"","ast-featured-img":"disabled","footer-sml-layout":"","ast-disable-related-posts":"","theme-transparent-header-meta":"","adv-header-id-meta":"","stick-header-meta":"","header-above-stick-meta":"","header-main-stick-meta":"","header-below-stick-meta":"","astra-migrate-meta-layouts":"default","ast-page-background-enabled":"default","ast-page-background-meta":{"desktop":{"background-color":"var(--ast-global-color-5)","background-image":"","background-repeat":"repeat","background-position":"center center","background-size":"auto","background-attachment":"scroll","background-type":"","background-media":"","overlay-type":"","overlay-color":"","overlay-opacity":"","overlay-gradient":""},"tablet":{"background-color":"","background-image":"","background-repeat":"repeat","background-position":"center center","background-size":"auto","background-attachment":"scroll","background-type":"","background-media":"","overlay-type":"","overlay-color":"","overlay-opacity":"","overlay-gradient":""},"mobile":{"background-color":"","background-image":"","background-repeat":"repeat","background-position":"center center","background-size":"auto","background-attachment":"scroll","background-type":"","background-media":"","overlay-type":"","overlay-color":"","overlay-opacity":"","overlay-gradient":""}},"ast-content-background-meta":{"desktop":{"background-color":"var(--ast-global-color-4)","background-image":"","background-repeat":"repeat","background-position":"center center","background-size":"auto","background-attachment":"scroll","background-type":"","background-media":"","overlay-type":"","overlay-color":"","overlay-opacity":"","overlay-gradient":""},"tablet":{"background-color":"var(--ast-global-color-4)","background-image":"","background-repeat":"repeat","background-position":"center center","background-size":"auto","background-attachment":"scroll","background-type":"","background-media":"","overlay-type":"","overlay-color":"","overlay-opacity":"","overlay-gradient":""},"mobile":{"background-color":"var(--ast-global-color-4)","background-image":"","background-repeat":"repeat","background-position":"center center","background-size":"auto","background-attachment":"scroll","background-type":"","background-media":"","overlay-type":"","overlay-color":"","overlay-opacity":"","overlay-gradient":""}},"footnotes":""},"class_list":["post-2106","page","type-page","status-publish","hentry"],"_links":{"self":[{"href":"https:\/\/www.pthurban.com\/de\/wp-json\/wp\/v2\/pages\/2106","targetHints":{"allow":["GET"]}}],"collection":[{"href":"https:\/\/www.pthurban.com\/de\/wp-json\/wp\/v2\/pages"}],"about":[{"href":"https:\/\/www.pthurban.com\/de\/wp-json\/wp\/v2\/types\/page"}],"author":[{"embeddable":true,"href":"https:\/\/www.pthurban.com\/de\/wp-json\/wp\/v2\/users\/1"}],"replies":[{"embeddable":true,"href":"https:\/\/www.pthurban.com\/de\/wp-json\/wp\/v2\/comments?post=2106"}],"version-history":[{"count":0,"href":"https:\/\/www.pthurban.com\/de\/wp-json\/wp\/v2\/pages\/2106\/revisions"}],"wp:attachment":[{"href":"https:\/\/www.pthurban.com\/de\/wp-json\/wp\/v2\/media?parent=2106"}],"curies":[{"name":"wp","href":"https:\/\/api.w.org\/{rel}","templated":true}]}}